{"id":1222,"date":"2024-08-27T09:02:02","date_gmt":"2024-08-27T09:02:02","guid":{"rendered":"https:\/\/venturural.phtz.com\/?page_id=1222"},"modified":"2024-08-28T17:12:04","modified_gmt":"2024-08-28T17:12:04","slug":"condiciones-de-uso","status":"publish","type":"page","link":"https:\/\/venturural.phtz.com\/?page_id=1222","title":{"rendered":"Condiciones de uso"},"content":{"rendered":"<p><strong>Pol\u00edtica de uso<\/strong><strong><\/strong><\/p><p>Lea con atenci\u00f3n los t\u00e9rminos que siguen, pues su decisi\u00f3n de navegar por este sitio lleva impl\u00edcita la aceptaci\u00f3n de todas las cl\u00e1usulas que se exponen a continuaci\u00f3n.<\/p><p><strong>Objeto de los presentes t\u00e9rminos de uso<\/strong><\/p><p>Los t\u00e9rminos y condiciones que m\u00e1s adelante se indican regulan el acceso y uso al sitio web <a href=\"http:\/\/www.venturural.phtz.com\">www.venturural.phtz.com<\/a>\u00a0 (en adelante sitio web o sitio) junto con su pol\u00edtica de privacidad, cuya explotaci\u00f3n y a trav\u00e9s de la cual presta servicios de la sociedad de la informaci\u00f3n la entidad Planes Hortaleza, S.L. (identificada en adelante como VentuRural) con domicilio en calle Maria de Portugal, 26 - 6 A, 28050 Madrid y con correo electr\u00f3nico de contacto aquiles@phtz.com.<\/p><p>Esta pol\u00edtica se completa con la pol\u00edtica de privacidad y la pol\u00edtica de cookies publicadas en este sitio con relaci\u00f3n al tratamiento de datos personales y cookies.<\/p><p>Dentro de la expresi\u00f3n \u201csitio o sitio web\u201d quedan comprendidas todas las creaciones expresadas por cualquier medio o soporte, tangible o intangible con independencia de que sean susceptibles o no de propiedad intelectual de acuerdo con el Texto Refundido de la Ley de Propiedad Intelectual.<\/p><p>El acceso al sitio web implica que la persona usuaria visitante adquiere una serie de derechos y obligaciones, con objeto de garantizar el adecuado disfrute de los servicios generales, particulares y contenidos que se encuentran en el sitio web y que VentuRural pone a disposici\u00f3n de la persona usuaria.<\/p><p>La persona usuaria visitante es consciente de que el acceso y utilizaci\u00f3n de los servicios y contenidos del sitio web se realiza bajo su \u00fanica y exclusiva responsabilidad.<\/p><p>Se adquiere la condici\u00f3n de persona usuaria de la web mediante el mero acceso al sitio web. La persona usuaria utilizar\u00e1 los servicios y contenidos exclusivamente para fines particulares y\/o por raz\u00f3n de su relaci\u00f3n jur\u00eddica que le vincula a VentuRural con exclusi\u00f3n de cualquier modalidad de utilizaci\u00f3n posterior de los mismos con \u00e1nimo de lucro o reporte de alg\u00fan beneficio, directo o indirecto salvo que as\u00ed se haya acordado con VentuRural mediante la suscripci\u00f3n del correspondiente acuerdo por escrito.<\/p><p>Si estas condiciones generales o en su caso, las particulares, fueran sustituidas por otras en todo o en parte, dichas nuevas condiciones generales o en su caso las particulares, se entender\u00e1n aceptadas de forma id\u00e9ntica a la expuesta al inicio del texto. No obstante, la persona usuaria deber\u00e1 acceder a estas condiciones generales -y a las particulares de los servicios que utilice- de forma peri\u00f3dica para conocer las sucesivas versiones que se incluyan aqu\u00ed, aunque se recomienda que la persona usuaria acceda a las mismas cada vez que pretenda acceder o hacer uso de los servicios y contenidos del sitio.<\/p>","protected":false},"excerpt":{"rendered":"<p>Pol\u00edtica de uso Lea con atenci\u00f3n los t\u00e9rminos que siguen, pues su decisi\u00f3n de navegar por este sitio lleva impl\u00edcita [&hellip;]<\/p>\n","protected":false},"author":1,"featured_media":0,"parent":0,"menu_order":0,"comment_status":"closed","ping_status":"closed","template":"","meta":{"site-sidebar-layout":"default","site-content-layout":"","ast-site-content-layout":"","site-content-style":"default","site-sidebar-style":"default","ast-global-header-display":"","ast-banner-title-visibility":"","ast-main-header-display":"","ast-hfb-above-header-display":"","ast-hfb-below-header-display":"","ast-hfb-mobile-header-display":"","site-post-title":"","ast-breadcrumbs-content":"","ast-featured-img":"","footer-sml-layout":"","theme-transparent-header-meta":"","adv-header-id-meta":"","stick-header-meta":"","header-above-stick-meta":"","header-main-stick-meta":"","header-below-stick-meta":"","astra-migrate-meta-layouts":"default","ast-page-background-enabled":"default","ast-page-background-meta":{"desktop":{"background-color":"var(--ast-global-color-4)","background-image":"","background-repeat":"repeat","background-position":"center center","background-size":"auto","background-attachment":"scroll","background-type":"","background-media":"","overlay-type":"","overlay-color":"","overlay-opacity":"","overlay-gradient":""},"tablet":{"background-color":"","background-image":"","background-repeat":"repeat","background-position":"center center","background-size":"auto","background-attachment":"scroll","background-type":"","background-media":"","overlay-type":"","overlay-color":"","overlay-opacity":"","overlay-gradient":""},"mobile":{"background-color":"","background-image":"","background-repeat":"repeat","background-position":"center center","background-size":"auto","background-attachment":"scroll","background-type":"","background-media":"","overlay-type":"","overlay-color":"","overlay-opacity":"","overlay-gradient":""}},"ast-content-background-meta":{"desktop":{"background-color":"var(--ast-global-color-5)","background-image":"","background-repeat":"repeat","background-position":"center center","background-size":"auto","background-attachment":"scroll","background-type":"","background-media":"","overlay-type":"","overlay-color":"","overlay-opacity":"","overlay-gradient":""},"tablet":{"background-color":"var(--ast-global-color-5)","background-image":"","background-repeat":"repeat","background-position":"center center","background-size":"auto","background-attachment":"scroll","background-type":"","background-media":"","overlay-type":"","overlay-color":"","overlay-opacity":"","overlay-gradient":""},"mobile":{"background-color":"var(--ast-global-color-5)","background-image":"","background-repeat":"repeat","background-position":"center center","background-size":"auto","background-attachment":"scroll","background-type":"","background-media":"","overlay-type":"","overlay-color":"","overlay-opacity":"","overlay-gradient":""}},"footnotes":""},"class_list":["post-1222","page","type-page","status-publish","hentry"],"jetpack_sharing_enabled":true,"_links":{"self":[{"href":"https:\/\/venturural.phtz.com\/index.php?rest_route=\/wp\/v2\/pages\/1222","targetHints":{"allow":["GET"]}}],"collection":[{"href":"https:\/\/venturural.phtz.com\/index.php?rest_route=\/wp\/v2\/pages"}],"about":[{"href":"https:\/\/venturural.phtz.com\/index.php?rest_route=\/wp\/v2\/types\/page"}],"author":[{"embeddable":true,"href":"https:\/\/venturural.phtz.com\/index.php?rest_route=\/wp\/v2\/users\/1"}],"replies":[{"embeddable":true,"href":"https:\/\/venturural.phtz.com\/index.php?rest_route=%2Fwp%2Fv2%2Fcomments&post=1222"}],"version-history":[{"count":4,"href":"https:\/\/venturural.phtz.com\/index.php?rest_route=\/wp\/v2\/pages\/1222\/revisions"}],"predecessor-version":[{"id":1251,"href":"https:\/\/venturural.phtz.com\/index.php?rest_route=\/wp\/v2\/pages\/1222\/revisions\/1251"}],"wp:attachment":[{"href":"https:\/\/venturural.phtz.com\/index.php?rest_route=%2Fwp%2Fv2%2Fmedia&parent=1222"}],"curies":[{"name":"wp","href":"https:\/\/api.w.org\/{rel}","templated":true}]}}