{"id":1275,"date":"2024-09-04T17:01:59","date_gmt":"2024-09-04T17:01:59","guid":{"rendered":"https:\/\/venturural.phtz.com\/?page_id=1275"},"modified":"2024-09-04T17:20:58","modified_gmt":"2024-09-04T17:20:58","slug":"plotica-de-privacidad","status":"publish","type":"page","link":"https:\/\/venturural.phtz.com\/?page_id=1275","title":{"rendered":"Politica de Privacidad"},"content":{"rendered":"<p><strong>Objeto de esta pol\u00edtica<\/strong><\/p><p>En cumplimiento de lo dispuesto en el Reglamento (UE) 2016\/679 del Parlamento Europeo y del Consejo de 27 de abril de 2016 relativo a la protecci\u00f3n de las personas f\u00edsicas en lo que respecta al tratamiento de datos personales y a la libre circulaci\u00f3n de estos datos (en adelante RGPD), Ley Org\u00e1nica de protecci\u00f3n de datos y garant\u00eda de los derechos digitales (LOPDGDD) y dem\u00e1s normativa vigente en la materia, VentuRural desea poner en conocimiento de las personas usuarias del sitio web <a href=\"http:\/\/www.venturural.phtz.com\">www.venturural.phtz.com<\/a>&nbsp; (en adelante, el sitio) la pol\u00edtica respecto del tratamiento y protecci\u00f3n de los datos de car\u00e1cter personal (en adelante tambi\u00e9n, Pol\u00edtica o Pol\u00edtica de Privacidad) de aquellas personas que suministren sus datos personales a VentuRural como consecuencia del uso de este sitio web o de la contrataci\u00f3n de su servicio de alojamiento.<\/p><p>VentuRural informa a la persona usuaria del sitio de que en esta Pol\u00edtica de Privacidad se contiene una descripci\u00f3n general de los aspectos relacionados con el tratamiento de datos personales derivado de la explotaci\u00f3n del sitio web de VentuRural y de la contrataci\u00f3n de su servicio de alojamiento VentuRural lleva a cabo como responsable de dicho tratamiento (en adelante tambi\u00e9n los Servicios).<\/p><p>Esta pol\u00edtica se completa con aquellos textos informativos que se incorporen a cualquier formulario de petici\u00f3n de datos del sitio web y en su caso, del alojamiento o que se incluya en cualesquiera condiciones de los Servicios que se comuniquen a las personas usuarias de los Servicios.<\/p><p>Es responsabilidad de la persona usuaria leer de forma previa a comunicar sus datos personales a VentuRural cualquier informaci\u00f3n del tratamiento de sus datos que se ponga a su disposici\u00f3n.<\/p><p><strong>Obligatoriedad del tratamiento de los datos<\/strong><\/p><p>La persona usuaria queda informada de que el tratamiento de sus datos es un requisito legal y contractual, necesario para reservar el alojamiento y en su caso disfrutar del mismo, por lo que, en estos casos, la persona usuaria est\u00e1 obligada a facilitar sus datos personales siendo informada de que en otro caso no ser\u00e1 posible ni reservar ni contratar el alojamiento.<\/p><p><strong>Legislaci\u00f3n aplicable al tratamiento de datos personales<\/strong><\/p><p>Se informa a la persona usuaria que cualquier tratamiento de datos personales quedar\u00e1 bajo el \u00e1mbito de aplicaci\u00f3n de la legislaci\u00f3n vigente en Espa\u00f1a en materia de protecci\u00f3n de datos, concretamente al amparo del Reglamento Europeo de Protecci\u00f3n de Datos (RGPD) y Ley Org\u00e1nica de protecci\u00f3n de datos y garant\u00eda de los derechos digitales (LOPDGDD).<\/p><p><strong>Responsable del tratamiento de los datos<\/strong><\/p><p>El responsable del tratamiento es la entidad Planes Hortaleza, S.L. (identificada en adelante como VentuRural) con domicilio <a>en calle Mar\u00eda de Portugal, 26 - 6 A, 28050 Madrid, tel\u00e9fono de contacto 629 255 900 y correo electr\u00f3nico <\/a><a href=\"mailto:aquiles@phtz.com\">aquiles@phtz.com<\/a><\/p><p><strong>Origen y fuente de obtenci\u00f3n de los datos personales<\/strong><\/p><p>La persona usuaria puede proporcionar sus datos personales a VentuRural a trav\u00e9s de los medios de contacto publicados en este sitio web.<\/p><p>Con relaci\u00f3n a las reservas de alojamiento, la persona usuaria \u00fanicamente puede realizar las reservas a trav\u00e9s de las plataformas de reserva y alojamiento donde se publica informaci\u00f3n del alojamiento. Estas plataformas son Booking, Airbnb y casasrurasles.net. En consecuencia, en estos casos, VentuRural tratar\u00e1 los datos de la persona usuaria que cada una de estas plataformas le comuniquen en los casos de reserva y contrataci\u00f3n del alojamiento a trav\u00e9s de las mismas.<\/p><p>En particular, la persona usuaria queda advertida de que la reserva a del alojamiento a trav\u00e9s de este sitio web es gestionada por la entidad Rural Rentals, S.L., con domicilio en Paseo de la Castellana, 184 (4\u00aa planta), 28046 Madrid y correo electr\u00f3nico <a href=\"mailto:info@casasrurales.net\">info@casasrurales.net<\/a>&nbsp; titular del sistema de reservas y responsable del tratamiento de los datos personales recogidos con tal fin, de acuerdo con lo establecido en su pol\u00edtica de privacidad y condiciones legales accesibles a trav\u00e9s de <a href=\"https:\/\/www.casasrurales.net\/legal\/condiciones_legales.php\">https:\/\/www.casasrurales.net\/legal\/condiciones_legales.php<\/a><\/p><p>Para conocer el tratamiento de datos que realizan estas plataformas de los datos personales de la persona usuaria, se deber\u00e1 acceder a las correspondientes pol\u00edticas de privacidad de aquellas publicadas en sus sitios, no siendo responsable VentuRural de dichos tratamientos hasta el momento en que no son comunicados por dichas plataformas a VentuRural.<\/p><p><strong>Obligaci\u00f3n de exactitud de los datos<\/strong><\/p><p>En caso en que la persona usuaria decida comunicar sus datos personales a VentuRural, est\u00e1 obligada a proporcionar datos correspondientes a su propia identidad, exactos y actuales. Est\u00e1 prohibido comunicar a VentuRural datos de terceros, inexactos o desactualizados.<\/p><p>A los efectos previstos en la normativa vigente no ser\u00e1 imputable a VentuRural la inexactitud de los datos personales, con respecto a los fines para los que se tratan, cuando los datos inexactos hubiesen sido obtenidos por VentuRural directamente de la persona interesada.<\/p><p>La persona usuaria es la \u00fanica responsable de la veracidad, exactitud, actualizaci\u00f3n y correcci\u00f3n de los datos que proporcione, exoner\u00e1ndose VentuRural de cualquier responsabilidad al respecto y comprometi\u00e9ndose la persona usuaria a mantener los datos personales debidamente actualizados.<\/p><p>La persona usuaria acepta proporcionar informaci\u00f3n veraz, actualizada, completa y correcta, siempre y \u00fanicamente correspondiente a su propia identidad, a trav\u00e9s de cualquier canal de recogida de datos publicado en el sitio, tal como formularios, env\u00edo de correo electr\u00f3nico, comunicaci\u00f3n postal y\/o mediante una llamada de tel\u00e9fono o uso de los servicios de atenci\u00f3n al cliente.<\/p><p>En todo caso, cuando los datos personales sean recogidos o proporcionados directamente de la persona usuaria, de acuerdo con lo establecido en la normativa vigente, se considerar\u00e1n exactos los facilitados por esta, en tanto adem\u00e1s la persona usuaria no los actualice o rectifique.<\/p><p><strong>Cu\u00e1les son las bases jur\u00eddicas y fines de tratamiento de los datos de car\u00e1cter personal<\/strong><\/p><p>Las personas usuarias que acceden a el sitio y voluntariamente proporcionan informaci\u00f3n personal para navegar por el sitio de forma personalizada, contactar, contratar o utilizar alg\u00fan servicio que requiera la comunicaci\u00f3n de datos a VentuRural, quedan informadas de las siguientes finalidades y bases jur\u00eddicas de tratamiento de los datos de car\u00e1cter personal de las personas usuarias que VentuRural podr\u00e1 llevar a cabo:<\/p><p><strong>Consentimiento<\/strong>: con base jur\u00eddica en el consentimiento prestado por la persona usuaria al suministrar voluntariamente sus datos a VentuRural sin que estos hayan sido solicitados por dicha entidad, esta llevar\u00e1 a cabo el tratamiento de sus datos con las siguientes finalidades:<\/p><ol style=\"list-style-type:lower-alpha\" class=\"wp-block-list\"><li>Contacto con VentuRural: Cuando la persona usuaria utiliza los servicios habilitados al efecto para contactar con VentuRural de forma personalizada (tel\u00e9fono, correo postal, correo electr\u00f3nico), VentuRural tratar\u00e1 sus datos personales para atender y gestionar la contestaci\u00f3n de la comunicaci\u00f3n realizada por la persona usuaria y facilitarle la informaci\u00f3n solicitada o atender su petici\u00f3n.<\/li><\/ol><ul class=\"wp-block-list\"><li>Env\u00edo de comunicaciones comerciales: Cuando la persona usuaria lo autorice o consienta expresamente, VentuRural tratar\u00e1 sus datos para enviarle informaci\u00f3n publicitaria sobre el alojamiento.<\/li><\/ul><p><strong>Relaci\u00f3n contractual:<\/strong> Con base en la relaci\u00f3n contractual establecida entre VentuRural y la persona usuaria que contrata el alojamiento, VentuRural llevar\u00e1 a cabo el tratamiento de los datos de la persona interesada con las siguientes finalidades:<\/p><ol style=\"list-style-type:lower-alpha\" class=\"wp-block-list\"><li>Gesti\u00f3n de reservas.<\/li>\n\n<li>Servicio de checkin y de alojamiento, incluyendo el env\u00edo de comunicaciones relacionas con estos servicios.<\/li>\n\n<li>Atender las solicitudes, quejas y sugerencias.<\/li>\n\n<li><a>Gesti\u00f3n contable, fiscal, administrativa y facturaci\u00f3n.<\/a><\/li><\/ol><ul class=\"wp-block-list\"><li>Atenci\u00f3n al cliente.<\/li>\n\n<li>Derecho de desistimiento.<\/li><\/ul><p><strong>Obligaciones legales:<\/strong> Con base jur\u00eddica en el cumplimiento de las obligaciones legales, VentuRural podr\u00e1 llevar a cabo el tratamiento de los datos de la persona interesada con las siguientes finalidades:<\/p><ol style=\"list-style-type:lower-alpha\" class=\"wp-block-list\"><li>Registro de hu\u00e9spedes, cumplimentaci\u00f3n del parte de viajeros y comunicaci\u00f3n a las autoridades competentes (Guardia Civil) de los datos personales.<\/li>\n\n<li>Exclusi\u00f3n del env\u00edo de comunicaciones comerciales y publicitarias: Cuando la persona usuaria solicite la baja en el servicio de env\u00edo de comunicaciones comerciales y publicitarias, VentuRural tratar\u00e1 sus datos para conservar los datos necesarios para identificarla y adoptar las medidas necesarias que eviten el env\u00edo de comunicaciones comerciales y publicitarias.<\/li><\/ol><p>Adem\u00e1s de lo antedicho, la persona usuaria puede ser informada de otros fines de tratamiento a trav\u00e9s de documentos espec\u00edficos de recogida de datos personales que en su caso sean utilizados por VentuRural.<\/p><p>Asimismo, la persona usuaria queda advertida de que el alojamiento dispone de un sistema de vigilancia por c\u00e1mara que nunca se activa durante la estancia de los hu\u00e9spedes por lo que para descartar cualquier duda al respecto la persona usuaria es informada de que todas las c\u00e1maras del alojamiento est\u00e1n desconectadas durante su estancia en el alojamiento.<\/p><p><strong>Destinatarios de los datos<\/strong><\/p><p>En cumplimiento de las obligaciones legales, VentuRural comunica los datos de las personas usuarias que contratan el alojamiento a trav\u00e9s de cualquiera de las plataformas habilitadas para ello, a las autoridades competentes (Guardia Civil) as\u00ed como a la Agencia Tributaria y en su caso, cuando haya una obligaci\u00f3n legal o requerimiento, a otras autoridades y Administraciones P\u00fablicas competentes.<\/p><p>En cumplimiento de las obligaciones contractuales puede comunicar los datos personales de las personas usuarias que reservan y contratan el alojamiento para a las plataformas implicadas en la gesti\u00f3n de reservas y alojamiento (Booking, Airbnb y casasrurales.net) cuando sea necesario para la gesti\u00f3n del proceso de reserva, alojamiento, facturaci\u00f3n, desistimiento, notificaci\u00f3n de da\u00f1os y desperfectos.<\/p><p>En los casos en que, de acuerdo con lo indicado en este apartado, VentuRural comunique datos a un tercero, VentuRural no se hace responsable del tratamiento de los datos que efect\u00fae dicho tercero, quien, en todo caso, pasar\u00e1 a ser nuevo responsable del tratamiento de la informaci\u00f3n, quedando obligado al cumplimiento de las obligaciones que, a tal efecto, establece la normativa vigente.<\/p><p>Adem\u00e1s, terceros prestadores de servicios con la categor\u00eda de encargados del tratamiento podr\u00e1n ser destinatarios de los datos con la finalidad de prestar servicios que dan soporte a las tareas de tratamiento de los datos, siempre por encargo de VentuRural y previa suscripci\u00f3n de un contrato de encargo de tratamiento con suficientes garant\u00edas de seguridad, confidencialidad, devoluci\u00f3n o destrucci\u00f3n de datos y cumplimiento de las instrucciones dadas por VentuRural para llevar a cabo el tratamiento.<\/p><p>VentuRural no lleva a cabo transferencias internacionales de datos.<\/p><p><strong>Tiempo de conservaci\u00f3n de los datos personales<\/strong><\/p><p>Los datos personales de la persona usuaria son conservados por VentuRural durante los plazos establecidos en las normas vigentes aplicables para el cumplimiento de obligaciones legales y atenci\u00f3n de responsabilidades.<\/p><p><strong>Derechos que puede ejercitar la persona usuaria<\/strong><\/p><p>La persona usuaria tiene derecho a solicitar a VentuRural el derecho de acceso, rectificaci\u00f3n, oposici\u00f3n, supresi\u00f3n, limitaci\u00f3n, portabilidad, derecho a no ser objeto de decisiones basadas \u00fanicamente en el tratamiento automatizado de los datos personales.<\/p><p>Tambi\u00e9n le asiste el derecho a retirar el consentimiento otorgado para el tratamiento en cualquier momento, sin que ello afecte a la licitud del tratamiento basado en el consentimiento previo a su retirada.<\/p><p>Para el ejercicio de cualquiera de estos derechos, la persona usuaria deber\u00e1 enviar un escrito dirigido a VentuRural, indicando el derecho que ejercita a cualquiera de las siguientes direcciones:<\/p><p>Direcci\u00f3n postal: calle Mar\u00eda de Portugal, 26 - 6 A, 28050 Madrid.<\/p><p>Direcci\u00f3n electr\u00f3nica: aquiles@phtz.com<\/p><p><strong>Ante qui\u00e9n puede solicitar la tutela del derecho a la protecci\u00f3n de datos la persona usuaria<\/strong><\/p><p>La persona usuaria tiene el derecho a solicitar la tutela de la Agencia Espa\u00f1ola de Protecci\u00f3n de Datos y a presentar una reclamaci\u00f3n ante esta Autoridad, en particular si considera que se han vulnerado sus derechos no ha obtenido satisfacci\u00f3n por parte de VentuRural en el ejercicio de mismos.<\/p><p>La persona usuaria puede ponerse en contacto con la Agencia Espa\u00f1ola de Protecci\u00f3n de Datos a trav\u00e9s de <a href=\"http:\/\/www.agpd.es\">www.agpd.es<\/a> o en la siguiente direcci\u00f3n C\/ Jorge Juan, 6. 28001 \u2013 Madrid, y\/o tel\u00e9fono de contacto 912 663 517.<\/p><p>No obstante, con car\u00e1cter voluntario y previo, puede dirigirse a VentuRural a trav\u00e9s de la direcci\u00f3n de correo electr\u00f3nico <a href=\"mailto:aquiles@phtz.com\">aquiles@phtz.com<\/a> con el fin de intentar una soluci\u00f3n.<\/p><p><strong>Otros derechos de la persona usuaria en materia de comercio electr\u00f3nico y comunicaciones comerciales electr\u00f3nicas<\/strong><\/p><p>VentuRural informa a la persona usuaria que haya autorizado expresamente la realizaci\u00f3n de env\u00edos de comunicaciones comerciales publicitarias a VentuRural que, al amparo de los art\u00edculos 21 y 22 de la Ley de Servicios de la Sociedad de la Informaci\u00f3n y Comercio Electr\u00f3nico, tiene derecho a oponerse al tratamiento de sus datos con fines promocionales para la recepci\u00f3n de comunicaciones comerciales publicitarias y publicidad, as\u00ed como derecho a revocar en cualquier momento el consentimiento prestado al efecto con la simple notificaci\u00f3n de su voluntad.<\/p><p>Para ello, la persona usuaria podr\u00e1 solicitar el cese de env\u00edo de las comunicaciones a trav\u00e9s de la direcci\u00f3n electr\u00f3nica v\u00e1lida incluida en cada comunicaci\u00f3n, as\u00ed como dirigiendo su petici\u00f3n a la direcci\u00f3n de correo electr\u00f3nico: <a href=\"mailto:aquiles@phtz.com\">aquiles@phtz.com<\/a><\/p><p>VentuRural atender\u00e1 su petici\u00f3n conservando los m\u00ednimos datos imprescindibles para adoptar las medidas necesarias que eviten el env\u00edo de dichas comunicaciones comerciales.<\/p><p><strong>Cookies y dispositivos de almacenamiento y recuperaci\u00f3n de datos en equipos terminales en este sitio<\/strong><\/p><p>VentuRural no utiliza cookies ni dispositivos de almacenamiento y recuperaci\u00f3n de datos en equipos terminales de la persona usuaria cuando la persona usuaria navega por el sitio.<\/p><p><strong>Actualizaci\u00f3n de esta pol\u00edtica<\/strong><\/p><p>VentuRural actualizar\u00e1 esta pol\u00edtica de privacidad y tratamiento de datos personales de la persona usuaria del sitio web para adaptarla a cambios legales y a cambios del sitio web.<\/p><p>En todo caso es responsabilidad de la persona usuaria acceder peri\u00f3dicamente a la pol\u00edtica de privacidad de VentuRural a fin de conocer en todo momento la \u00faltima versi\u00f3n.<\/p><p><strong>Informaci\u00f3n de contacto<\/strong> Para cualquier consulta sobre la presente Pol\u00edtica de Privacidad, la persona usuaria puede dirigirse a VentuRural por medios electr\u00f3nicos a trav\u00e9s de <a href=\"mailto:aquiles@phtz.com\">aquiles@phtz.com<\/a><\/p>","protected":false},"excerpt":{"rendered":"<p>Objeto de esta pol\u00edtica En cumplimiento de lo dispuesto en el Reglamento (UE) 2016\/679 del Parlamento Europeo y del Consejo [&hellip;]<\/p>\n","protected":false},"author":1,"featured_media":0,"parent":0,"menu_order":0,"comment_status":"closed","ping_status":"closed","template":"","meta":{"site-sidebar-layout":"default","site-content-layout":"","ast-site-content-layout":"","site-content-style":"default","site-sidebar-style":"default","ast-global-header-display":"","ast-banner-title-visibility":"","ast-main-header-display":"","ast-hfb-above-header-display":"","ast-hfb-below-header-display":"","ast-hfb-mobile-header-display":"","site-post-title":"","ast-breadcrumbs-content":"","ast-featured-img":"","footer-sml-layout":"","theme-transparent-header-meta":"","adv-header-id-meta":"","stick-header-meta":"","header-above-stick-meta":"","header-main-stick-meta":"","header-below-stick-meta":"","astra-migrate-meta-layouts":"default","ast-page-background-enabled":"default","ast-page-background-meta":{"desktop":{"background-color":"var(--ast-global-color-4)","background-image":"","background-repeat":"repeat","background-position":"center center","background-size":"auto","background-attachment":"scroll","background-type":"","background-media":"","overlay-type":"","overlay-color":"","overlay-opacity":"","overlay-gradient":""},"tablet":{"background-color":"","background-image":"","background-repeat":"repeat","background-position":"center center","background-size":"auto","background-attachment":"scroll","background-type":"","background-media":"","overlay-type":"","overlay-color":"","overlay-opacity":"","overlay-gradient":""},"mobile":{"background-color":"","background-image":"","background-repeat":"repeat","background-position":"center center","background-size":"auto","background-attachment":"scroll","background-type":"","background-media":"","overlay-type":"","overlay-color":"","overlay-opacity":"","overlay-gradient":""}},"ast-content-background-meta":{"desktop":{"background-color":"var(--ast-global-color-5)","background-image":"","background-repeat":"repeat","background-position":"center center","background-size":"auto","background-attachment":"scroll","background-type":"","background-media":"","overlay-type":"","overlay-color":"","overlay-opacity":"","overlay-gradient":""},"tablet":{"background-color":"var(--ast-global-color-5)","background-image":"","background-repeat":"repeat","background-position":"center center","background-size":"auto","background-attachment":"scroll","background-type":"","background-media":"","overlay-type":"","overlay-color":"","overlay-opacity":"","overlay-gradient":""},"mobile":{"background-color":"var(--ast-global-color-5)","background-image":"","background-repeat":"repeat","background-position":"center center","background-size":"auto","background-attachment":"scroll","background-type":"","background-media":"","overlay-type":"","overlay-color":"","overlay-opacity":"","overlay-gradient":""}},"footnotes":""},"class_list":["post-1275","page","type-page","status-publish","hentry"],"jetpack_sharing_enabled":true,"_links":{"self":[{"href":"https:\/\/venturural.phtz.com\/index.php?rest_route=\/wp\/v2\/pages\/1275","targetHints":{"allow":["GET"]}}],"collection":[{"href":"https:\/\/venturural.phtz.com\/index.php?rest_route=\/wp\/v2\/pages"}],"about":[{"href":"https:\/\/venturural.phtz.com\/index.php?rest_route=\/wp\/v2\/types\/page"}],"author":[{"embeddable":true,"href":"https:\/\/venturural.phtz.com\/index.php?rest_route=\/wp\/v2\/users\/1"}],"replies":[{"embeddable":true,"href":"https:\/\/venturural.phtz.com\/index.php?rest_route=%2Fwp%2Fv2%2Fcomments&post=1275"}],"version-history":[{"count":2,"href":"https:\/\/venturural.phtz.com\/index.php?rest_route=\/wp\/v2\/pages\/1275\/revisions"}],"predecessor-version":[{"id":1278,"href":"https:\/\/venturural.phtz.com\/index.php?rest_route=\/wp\/v2\/pages\/1275\/revisions\/1278"}],"wp:attachment":[{"href":"https:\/\/venturural.phtz.com\/index.php?rest_route=%2Fwp%2Fv2%2Fmedia&parent=1275"}],"curies":[{"name":"wp","href":"https:\/\/api.w.org\/{rel}","templated":true}]}}