{"id":1335,"date":"2024-09-05T07:42:42","date_gmt":"2024-09-05T07:42:42","guid":{"rendered":"https:\/\/venturural.phtz.com\/?page_id=1335"},"modified":"2025-06-16T15:25:43","modified_gmt":"2025-06-16T15:25:43","slug":"condiciones-particulares-de-reserva-y-alojamiento","status":"publish","type":"page","link":"https:\/\/venturural.phtz.com\/?page_id=1335","title":{"rendered":"Condiciones particulares de Reserva y Alojamiento"},"content":{"rendered":"<p><strong>Condiciones Particulares de Reserva y Contrataci\u00f3n del Alojamiento<\/strong><\/p><p>Antes de realizar una reserva y\/o contratar el alojamiento, la persona usuaria del Motor de Reservas de Avaibook, debe leer y aceptar la Pol\u00edtica de Cancelaciones , Las Normas del Establecimiento y las Condiciones de Reserva, as\u00ed como leer la Protecci\u00f3n de Datos de AVAIBOOK y la Garant\u00eda Anti-fraude, que figuran en Motor de reservas de AVAIBOOK.<\/p><p>La persona usuaria puede solicitar informaci\u00f3n y\/o reservas a trav\u00e9s de este nuestro sitio web mediante la selecci\u00f3n de la fecha de entrada y fecha de salida y n\u00famero de personas. El sistema comprobar\u00e1 la disponibilidad y en su caso, permitir\u00e1 reservar previa cumplimentaci\u00f3n de un formulario.<\/p><p>Tanto la reserva como la contrataci\u00f3n del alojamiento est\u00e1 externalizada a trav\u00e9s de la entidad Avaibook On-Line S.L. empresa espa\u00f1ola legalmente constituida con el CIF ES-99279622, propietaria de un sistema inform\u00e1tico independiente de reservas on line, que tanto el ALOJAMIENTO como EL SITIO WEB han elegido para gestionar las reservas. <\/p>","protected":false},"excerpt":{"rendered":"<p>Condiciones Particulares de Reserva y Contrataci\u00f3n del Alojamiento Antes de realizar una reserva y\/o contratar el alojamiento, la persona usuaria [&hellip;]<\/p>\n","protected":false},"author":1,"featured_media":0,"parent":0,"menu_order":0,"comment_status":"closed","ping_status":"closed","template":"","meta":{"site-sidebar-layout":"default","site-content-layout":"","ast-site-content-layout":"","site-content-style":"default","site-sidebar-style":"default","ast-global-header-display":"","ast-banner-title-visibility":"","ast-main-header-display":"","ast-hfb-above-header-display":"","ast-hfb-below-header-display":"","ast-hfb-mobile-header-display":"","site-post-title":"","ast-breadcrumbs-content":"","ast-featured-img":"","footer-sml-layout":"","theme-transparent-header-meta":"","adv-header-id-meta":"","stick-header-meta":"","header-above-stick-meta":"","header-main-stick-meta":"","header-below-stick-meta":"","astra-migrate-meta-layouts":"default","ast-page-background-enabled":"default","ast-page-background-meta":{"desktop":{"background-color":"var(--ast-global-color-4)","background-image":"","background-repeat":"repeat","background-position":"center center","background-size":"auto","background-attachment":"scroll","background-type":"","background-media":"","overlay-type":"","overlay-color":"","overlay-opacity":"","overlay-gradient":""},"tablet":{"background-color":"","background-image":"","background-repeat":"repeat","background-position":"center center","background-size":"auto","background-attachment":"scroll","background-type":"","background-media":"","overlay-type":"","overlay-color":"","overlay-opacity":"","overlay-gradient":""},"mobile":{"background-color":"","background-image":"","background-repeat":"repeat","background-position":"center center","background-size":"auto","background-attachment":"scroll","background-type":"","background-media":"","overlay-type":"","overlay-color":"","overlay-opacity":"","overlay-gradient":""}},"ast-content-background-meta":{"desktop":{"background-color":"var(--ast-global-color-5)","background-image":"","background-repeat":"repeat","background-position":"center center","background-size":"auto","background-attachment":"scroll","background-type":"","background-media":"","overlay-type":"","overlay-color":"","overlay-opacity":"","overlay-gradient":""},"tablet":{"background-color":"var(--ast-global-color-5)","background-image":"","background-repeat":"repeat","background-position":"center center","background-size":"auto","background-attachment":"scroll","background-type":"","background-media":"","overlay-type":"","overlay-color":"","overlay-opacity":"","overlay-gradient":""},"mobile":{"background-color":"var(--ast-global-color-5)","background-image":"","background-repeat":"repeat","background-position":"center center","background-size":"auto","background-attachment":"scroll","background-type":"","background-media":"","overlay-type":"","overlay-color":"","overlay-opacity":"","overlay-gradient":""}},"footnotes":""},"class_list":["post-1335","page","type-page","status-publish","hentry"],"jetpack_sharing_enabled":true,"_links":{"self":[{"href":"https:\/\/venturural.phtz.com\/index.php?rest_route=\/wp\/v2\/pages\/1335","targetHints":{"allow":["GET"]}}],"collection":[{"href":"https:\/\/venturural.phtz.com\/index.php?rest_route=\/wp\/v2\/pages"}],"about":[{"href":"https:\/\/venturural.phtz.com\/index.php?rest_route=\/wp\/v2\/types\/page"}],"author":[{"embeddable":true,"href":"https:\/\/venturural.phtz.com\/index.php?rest_route=\/wp\/v2\/users\/1"}],"replies":[{"embeddable":true,"href":"https:\/\/venturural.phtz.com\/index.php?rest_route=%2Fwp%2Fv2%2Fcomments&post=1335"}],"version-history":[{"count":4,"href":"https:\/\/venturural.phtz.com\/index.php?rest_route=\/wp\/v2\/pages\/1335\/revisions"}],"predecessor-version":[{"id":1749,"href":"https:\/\/venturural.phtz.com\/index.php?rest_route=\/wp\/v2\/pages\/1335\/revisions\/1749"}],"wp:attachment":[{"href":"https:\/\/venturural.phtz.com\/index.php?rest_route=%2Fwp%2Fv2%2Fmedia&parent=1335"}],"curies":[{"name":"wp","href":"https:\/\/api.w.org\/{rel}","templated":true}]}}