{"id":1444,"date":"2025-03-27T10:29:45","date_gmt":"2025-03-27T10:29:45","guid":{"rendered":"https:\/\/venturural.phtz.com\/?page_id=1444"},"modified":"2025-10-04T14:29:57","modified_gmt":"2025-10-04T14:29:57","slug":"al-finalizar-la-estancia","status":"publish","type":"page","link":"https:\/\/venturural.phtz.com\/?page_id=1444","title":{"rendered":"AL FINALIZAR LA ESTANCIA"},"content":{"rendered":"<h3 class=\"wp-block-heading\">&nbsp;<\/h3><p class=\"has-text-align-center has-large-font-size\">El inmueble DEBE ser entregado <strong>bajo las mismas condiciones en las que se recibi\u00f3 el primer d\u00eda, <\/strong>con el menaje, muebles, y otros elementos  RECOGIDOS Y LIMPIOS.<\/p><p class=\"has-text-align-center\">En caso de ruptura de enseres, muebles u otras instalaciones, los gastos de reposici\u00f3n, o reparaci\u00f3n, corren por cuenta del hu\u00e9sped, siempre y cuando estos no sean debidos al desgaste habitual de dichas instalaciones.&nbsp;<\/p><p class=\"has-text-align-center has-vivid-red-color has-text-color has-link-color has-large-font-size wp-elements-b4b61a4732867cbb91e618c6ae2e138f\">Al abandonar la casa,<strong> no olvide dejar las llaves en el escritorio<\/strong>, donde las encontr\u00f3 a su llegada.<\/p><p class=\"has-text-align-center has-ast-global-color-2-color has-text-color has-link-color has-large-font-size wp-elements-cb9860cee1ea3ae5dd0d126e1de46468\"><strong>Para cerrar la vivienda<\/strong>: Recuerde pulsar durante unos segundos en el POMO de la puerta, por dentro, hasta que aparezca la luz AZUL. Despu\u00e9s de 30 segundos la puerta se cerrar\u00e1.<\/p><p class=\"has-text-align-center has-large-font-size\">Por favor <strong>deposite las bolsas de basura <\/strong>reciclada en los contenedores de la salida.<\/p><p class=\"has-text-align-center has-vivid-red-color has-text-color has-link-color has-large-font-size wp-elements-9437b2a1b68fb67d6fc5dcdce0387af5\"><strong>Contacte con el numero de tel\u00e9fono <\/strong>629 255 900 para notificar su salida.<\/p><p class=\"has-text-align-center has-large-font-size\">Gracias por su colaboraci\u00f3n.<\/p><p><\/p>","protected":false},"excerpt":{"rendered":"<p>&nbsp; El inmueble DEBE ser entregado bajo las mismas condiciones en las que se recibi\u00f3 el primer d\u00eda, con el [&hellip;]<\/p>\n","protected":false},"author":1,"featured_media":0,"parent":0,"menu_order":0,"comment_status":"closed","ping_status":"closed","template":"","meta":{"site-sidebar-layout":"default","site-content-layout":"","ast-site-content-layout":"","site-content-style":"default","site-sidebar-style":"default","ast-global-header-display":"","ast-banner-title-visibility":"","ast-main-header-display":"","ast-hfb-above-header-display":"","ast-hfb-below-header-display":"","ast-hfb-mobile-header-display":"","site-post-title":"","ast-breadcrumbs-content":"","ast-featured-img":"","footer-sml-layout":"","theme-transparent-header-meta":"","adv-header-id-meta":"","stick-header-meta":"","header-above-stick-meta":"","header-main-stick-meta":"","header-below-stick-meta":"","astra-migrate-meta-layouts":"default","ast-page-background-enabled":"default","ast-page-background-meta":{"desktop":{"background-color":"var(--ast-global-color-4)","background-image":"","background-repeat":"repeat","background-position":"center center","background-size":"auto","background-attachment":"scroll","background-type":"","background-media":"","overlay-type":"","overlay-color":"","overlay-opacity":"","overlay-gradient":""},"tablet":{"background-color":"","background-image":"","background-repeat":"repeat","background-position":"center center","background-size":"auto","background-attachment":"scroll","background-type":"","background-media":"","overlay-type":"","overlay-color":"","overlay-opacity":"","overlay-gradient":""},"mobile":{"background-color":"","background-image":"","background-repeat":"repeat","background-position":"center center","background-size":"auto","background-attachment":"scroll","background-type":"","background-media":"","overlay-type":"","overlay-color":"","overlay-opacity":"","overlay-gradient":""}},"ast-content-background-meta":{"desktop":{"background-color":"var(--ast-global-color-5)","background-image":"","background-repeat":"repeat","background-position":"center center","background-size":"auto","background-attachment":"scroll","background-type":"","background-media":"","overlay-type":"","overlay-color":"","overlay-opacity":"","overlay-gradient":""},"tablet":{"background-color":"var(--ast-global-color-5)","background-image":"","background-repeat":"repeat","background-position":"center center","background-size":"auto","background-attachment":"scroll","background-type":"","background-media":"","overlay-type":"","overlay-color":"","overlay-opacity":"","overlay-gradient":""},"mobile":{"background-color":"var(--ast-global-color-5)","background-image":"","background-repeat":"repeat","background-position":"center center","background-size":"auto","background-attachment":"scroll","background-type":"","background-media":"","overlay-type":"","overlay-color":"","overlay-opacity":"","overlay-gradient":""}},"footnotes":""},"class_list":["post-1444","page","type-page","status-publish","hentry"],"jetpack_sharing_enabled":true,"_links":{"self":[{"href":"https:\/\/venturural.phtz.com\/index.php?rest_route=\/wp\/v2\/pages\/1444","targetHints":{"allow":["GET"]}}],"collection":[{"href":"https:\/\/venturural.phtz.com\/index.php?rest_route=\/wp\/v2\/pages"}],"about":[{"href":"https:\/\/venturural.phtz.com\/index.php?rest_route=\/wp\/v2\/types\/page"}],"author":[{"embeddable":true,"href":"https:\/\/venturural.phtz.com\/index.php?rest_route=\/wp\/v2\/users\/1"}],"replies":[{"embeddable":true,"href":"https:\/\/venturural.phtz.com\/index.php?rest_route=%2Fwp%2Fv2%2Fcomments&post=1444"}],"version-history":[{"count":13,"href":"https:\/\/venturural.phtz.com\/index.php?rest_route=\/wp\/v2\/pages\/1444\/revisions"}],"predecessor-version":[{"id":1735,"href":"https:\/\/venturural.phtz.com\/index.php?rest_route=\/wp\/v2\/pages\/1444\/revisions\/1735"}],"wp:attachment":[{"href":"https:\/\/venturural.phtz.com\/index.php?rest_route=%2Fwp%2Fv2%2Fmedia&parent=1444"}],"curies":[{"name":"wp","href":"https:\/\/api.w.org\/{rel}","templated":true}]}}