{"id":1508,"date":"2025-05-12T15:53:32","date_gmt":"2025-05-12T15:53:32","guid":{"rendered":"https:\/\/venturural.phtz.com\/?page_id=1508"},"modified":"2025-05-12T15:58:08","modified_gmt":"2025-05-12T15:58:08","slug":"acceso-a-la-vivienda","status":"publish","type":"page","link":"https:\/\/venturural.phtz.com\/?page_id=1508","title":{"rendered":"ACCESO A LA VIVIENDA"},"content":{"rendered":"<p>A la vivienda se puede acceder bien por las escaleras o por la rampa que existe al final del aparcamiento.<\/p><p>La entrada se hace a trav\u00e9s de la puerta de madera que estar\u00e1 abierta.<\/p><p>En el interior existe otra puerta de hierro que s\u00f3lo se abre con el PIN recibido dias antes de la llegada.<\/p><p>El PIN debe introducirse en el teclado que esta situado en la parte izquierda de la puerta de hierro.<\/p><p>Una vez introducido correctamente se oir\u00e1 un ruido, se\u00f1al de que la cerradura se est\u00e1 abriendo.<\/p><p>Para conocer el funcionamiento de la cerradura inteligente ver cerradura<\/p><p>Es muy recomendable que una vez se acceda a la vivienda se escanee el c\u00f3digo QR que est\u00e1 en el escritorio de la entrada. En \u00e9l encontrar\u00e1s informaci\u00f3n de c\u00f3mo usar la casa. Y te permitir\u00e1 conocer peque\u00f1os detalles que har\u00e1n tu estancia mas agradable y segura. <\/p><p><\/p>","protected":false},"excerpt":{"rendered":"<p>A la vivienda se puede acceder bien por las escaleras o por la rampa que existe al final del aparcamiento. [&hellip;]<\/p>\n","protected":false},"author":1,"featured_media":0,"parent":0,"menu_order":0,"comment_status":"closed","ping_status":"closed","template":"","meta":{"site-sidebar-layout":"default","site-content-layout":"","ast-site-content-layout":"","site-content-style":"default","site-sidebar-style":"default","ast-global-header-display":"","ast-banner-title-visibility":"","ast-main-header-display":"","ast-hfb-above-header-display":"","ast-hfb-below-header-display":"","ast-hfb-mobile-header-display":"","site-post-title":"","ast-breadcrumbs-content":"","ast-featured-img":"","footer-sml-layout":"","theme-transparent-header-meta":"","adv-header-id-meta":"","stick-header-meta":"","header-above-stick-meta":"","header-main-stick-meta":"","header-below-stick-meta":"","astra-migrate-meta-layouts":"default","ast-page-background-enabled":"default","ast-page-background-meta":{"desktop":{"background-color":"var(--ast-global-color-4)","background-image":"","background-repeat":"repeat","background-position":"center center","background-size":"auto","background-attachment":"scroll","background-type":"","background-media":"","overlay-type":"","overlay-color":"","overlay-opacity":"","overlay-gradient":""},"tablet":{"background-color":"","background-image":"","background-repeat":"repeat","background-position":"center center","background-size":"auto","background-attachment":"scroll","background-type":"","background-media":"","overlay-type":"","overlay-color":"","overlay-opacity":"","overlay-gradient":""},"mobile":{"background-color":"","background-image":"","background-repeat":"repeat","background-position":"center center","background-size":"auto","background-attachment":"scroll","background-type":"","background-media":"","overlay-type":"","overlay-color":"","overlay-opacity":"","overlay-gradient":""}},"ast-content-background-meta":{"desktop":{"background-color":"var(--ast-global-color-5)","background-image":"","background-repeat":"repeat","background-position":"center center","background-size":"auto","background-attachment":"scroll","background-type":"","background-media":"","overlay-type":"","overlay-color":"","overlay-opacity":"","overlay-gradient":""},"tablet":{"background-color":"var(--ast-global-color-5)","background-image":"","background-repeat":"repeat","background-position":"center center","background-size":"auto","background-attachment":"scroll","background-type":"","background-media":"","overlay-type":"","overlay-color":"","overlay-opacity":"","overlay-gradient":""},"mobile":{"background-color":"var(--ast-global-color-5)","background-image":"","background-repeat":"repeat","background-position":"center center","background-size":"auto","background-attachment":"scroll","background-type":"","background-media":"","overlay-type":"","overlay-color":"","overlay-opacity":"","overlay-gradient":""}},"footnotes":""},"class_list":["post-1508","page","type-page","status-publish","hentry"],"jetpack_sharing_enabled":true,"_links":{"self":[{"href":"https:\/\/venturural.phtz.com\/index.php?rest_route=\/wp\/v2\/pages\/1508","targetHints":{"allow":["GET"]}}],"collection":[{"href":"https:\/\/venturural.phtz.com\/index.php?rest_route=\/wp\/v2\/pages"}],"about":[{"href":"https:\/\/venturural.phtz.com\/index.php?rest_route=\/wp\/v2\/types\/page"}],"author":[{"embeddable":true,"href":"https:\/\/venturural.phtz.com\/index.php?rest_route=\/wp\/v2\/users\/1"}],"replies":[{"embeddable":true,"href":"https:\/\/venturural.phtz.com\/index.php?rest_route=%2Fwp%2Fv2%2Fcomments&post=1508"}],"version-history":[{"count":2,"href":"https:\/\/venturural.phtz.com\/index.php?rest_route=\/wp\/v2\/pages\/1508\/revisions"}],"predecessor-version":[{"id":1511,"href":"https:\/\/venturural.phtz.com\/index.php?rest_route=\/wp\/v2\/pages\/1508\/revisions\/1511"}],"wp:attachment":[{"href":"https:\/\/venturural.phtz.com\/index.php?rest_route=%2Fwp%2Fv2%2Fmedia&parent=1508"}],"curies":[{"name":"wp","href":"https:\/\/api.w.org\/{rel}","templated":true}]}}