{"id":1606,"date":"2025-06-05T15:08:55","date_gmt":"2025-06-05T15:08:55","guid":{"rendered":"https:\/\/venturural.phtz.com\/?page_id=1606"},"modified":"2025-06-05T15:08:58","modified_gmt":"2025-06-05T15:08:58","slug":"aplicacion-deposito","status":"publish","type":"page","link":"https:\/\/venturural.phtz.com\/?page_id=1606","title":{"rendered":"Aplicaci\u00f3n dep\u00f3sito"},"content":{"rendered":"<h1 class=\"wp-block-heading has-vivid-red-color has-text-color has-link-color has-large-font-size wp-elements-ab9be02a3e02f66c756cdec81e69a248\" style=\"padding-top:var(--wp--preset--spacing--20);padding-bottom:var(--wp--preset--spacing--20)\"><strong>1.\u00a0 <\/strong>DEVOLUCI\u00d3N DEL DEP\u00d3SITO<\/h1><p>Dentro de los 8 d\u00edas naturales a contar desde el d\u00eda siguiente al de salida de la vivienda se reintegrar\u00e1 el dep\u00f3sito mediante BIZUN con las siguientes condiciones:<\/p><h1 class=\"wp-block-heading has-ast-global-color-1-color has-text-color has-link-color wp-elements-985e3b5237cd655c29301c77f4fe9623\"><strong>2.\u00a0 INTERIOR DE LA CASA\u00a0\u00a0<\/strong><\/h1><p>En caso de incumplir alguna de las normas establecidas para el interior de la vivienda se retendr\u00e1n 100\u20ac del importe del dep\u00f3sito.<\/p><h1 class=\"wp-block-heading has-ast-global-color-1-color has-text-color has-link-color wp-elements-94f1eae4161dc775442eccdebcd089ed\"><strong>3.&nbsp; <\/strong><strong>EXTERIOR DE LA VIVIENDA<\/strong><\/h1><p>En caso de incumplir alguna de las normas establecidas tanto para la conservacion de la Barbacoa, los porches o la piscina se retendr\u00e1n 100\u20ac del importe del dep\u00f3sito.<\/p><h1 class=\"wp-block-heading has-ast-global-color-0-color has-text-color has-link-color wp-elements-9601e3727186a030a00a02b22c427430\"><strong>4.&nbsp; <\/strong><strong>RECICLADO DE BASURAS<\/strong><\/h1><p>Todas las basuras deben ser recicladas y depositadas en los contenedores habilitados para ello de acuerdo con las indicaciones expuestas. Su incumplimiento originar\u00e1 el descuento de 100 \u20ac del importe de dep\u00f3sito.<\/p><p class=\"has-vivid-red-color has-text-color has-link-color has-medium-font-size wp-elements-19dddc07e9b0ecdde20eeb1fd88d2d62\">                                                                LOS DESCUENTOS APLICADOS SON ACUMULATIVOS<\/p>","protected":false},"excerpt":{"rendered":"<p>1.\u00a0 DEVOLUCI\u00d3N DEL DEP\u00d3SITO Dentro de los 8 d\u00edas naturales a contar desde el d\u00eda siguiente al de salida de [&hellip;]<\/p>\n","protected":false},"author":1,"featured_media":0,"parent":0,"menu_order":0,"comment_status":"closed","ping_status":"closed","template":"","meta":{"site-sidebar-layout":"default","site-content-layout":"","ast-site-content-layout":"","site-content-style":"default","site-sidebar-style":"default","ast-global-header-display":"","ast-banner-title-visibility":"","ast-main-header-display":"","ast-hfb-above-header-display":"","ast-hfb-below-header-display":"","ast-hfb-mobile-header-display":"","site-post-title":"","ast-breadcrumbs-content":"","ast-featured-img":"","footer-sml-layout":"","theme-transparent-header-meta":"","adv-header-id-meta":"","stick-header-meta":"","header-above-stick-meta":"","header-main-stick-meta":"","header-below-stick-meta":"","astra-migrate-meta-layouts":"default","ast-page-background-enabled":"default","ast-page-background-meta":{"desktop":{"background-color":"var(--ast-global-color-4)","background-image":"","background-repeat":"repeat","background-position":"center center","background-size":"auto","background-attachment":"scroll","background-type":"","background-media":"","overlay-type":"","overlay-color":"","overlay-opacity":"","overlay-gradient":""},"tablet":{"background-color":"","background-image":"","background-repeat":"repeat","background-position":"center center","background-size":"auto","background-attachment":"scroll","background-type":"","background-media":"","overlay-type":"","overlay-color":"","overlay-opacity":"","overlay-gradient":""},"mobile":{"background-color":"","background-image":"","background-repeat":"repeat","background-position":"center center","background-size":"auto","background-attachment":"scroll","background-type":"","background-media":"","overlay-type":"","overlay-color":"","overlay-opacity":"","overlay-gradient":""}},"ast-content-background-meta":{"desktop":{"background-color":"var(--ast-global-color-5)","background-image":"","background-repeat":"repeat","background-position":"center center","background-size":"auto","background-attachment":"scroll","background-type":"","background-media":"","overlay-type":"","overlay-color":"","overlay-opacity":"","overlay-gradient":""},"tablet":{"background-color":"var(--ast-global-color-5)","background-image":"","background-repeat":"repeat","background-position":"center center","background-size":"auto","background-attachment":"scroll","background-type":"","background-media":"","overlay-type":"","overlay-color":"","overlay-opacity":"","overlay-gradient":""},"mobile":{"background-color":"var(--ast-global-color-5)","background-image":"","background-repeat":"repeat","background-position":"center center","background-size":"auto","background-attachment":"scroll","background-type":"","background-media":"","overlay-type":"","overlay-color":"","overlay-opacity":"","overlay-gradient":""}},"footnotes":""},"class_list":["post-1606","page","type-page","status-publish","hentry"],"jetpack_sharing_enabled":true,"_links":{"self":[{"href":"https:\/\/venturural.phtz.com\/index.php?rest_route=\/wp\/v2\/pages\/1606","targetHints":{"allow":["GET"]}}],"collection":[{"href":"https:\/\/venturural.phtz.com\/index.php?rest_route=\/wp\/v2\/pages"}],"about":[{"href":"https:\/\/venturural.phtz.com\/index.php?rest_route=\/wp\/v2\/types\/page"}],"author":[{"embeddable":true,"href":"https:\/\/venturural.phtz.com\/index.php?rest_route=\/wp\/v2\/users\/1"}],"replies":[{"embeddable":true,"href":"https:\/\/venturural.phtz.com\/index.php?rest_route=%2Fwp%2Fv2%2Fcomments&post=1606"}],"version-history":[{"count":1,"href":"https:\/\/venturural.phtz.com\/index.php?rest_route=\/wp\/v2\/pages\/1606\/revisions"}],"predecessor-version":[{"id":1607,"href":"https:\/\/venturural.phtz.com\/index.php?rest_route=\/wp\/v2\/pages\/1606\/revisions\/1607"}],"wp:attachment":[{"href":"https:\/\/venturural.phtz.com\/index.php?rest_route=%2Fwp%2Fv2%2Fmedia&parent=1606"}],"curies":[{"name":"wp","href":"https:\/\/api.w.org\/{rel}","templated":true}]}}